{"id":1346,"date":"2020-06-29T11:44:59","date_gmt":"2020-06-29T09:44:59","guid":{"rendered":"https:\/\/www.webideas.at\/entwicklung\/?page_id=1346"},"modified":"2023-01-28T21:46:07","modified_gmt":"2023-01-28T20:46:07","slug":"impressum","status":"publish","type":"page","link":"https:\/\/www.webideas.at\/entwicklung\/impressum\/","title":{"rendered":"Impressum"},"content":{"rendered":"\t\t<div data-elementor-type=\"wp-page\" data-elementor-id=\"1346\" class=\"elementor elementor-1346\" data-elementor-post-type=\"page\">\n\t\t\t\t\t\t<section class=\"elementor-section elementor-top-section elementor-element elementor-element-6067239f elementor-section-height-min-height elementor-section-items-stretch elementor-section-boxed elementor-section-height-default\" data-id=\"6067239f\" data-element_type=\"section\" id=\"uppage\" data-settings=\"{&quot;background_background&quot;:&quot;classic&quot;}\">\n\t\t\t\t\t\t<div class=\"elementor-container elementor-column-gap-default\">\n\t\t\t\t\t<div class=\"elementor-column elementor-col-100 elementor-top-column elementor-element elementor-element-455cbf1a\" data-id=\"455cbf1a\" data-element_type=\"column\">\n\t\t\t<div class=\"elementor-widget-wrap elementor-element-populated\">\n\t\t\t\t\t\t<div class=\"elementor-element elementor-element-57a3510f elementor-widget elementor-widget-heading\" data-id=\"57a3510f\" data-element_type=\"widget\" data-widget_type=\"heading.default\">\n\t\t\t\t<div class=\"elementor-widget-container\">\n\t\t\t<h2 class=\"elementor-heading-title elementor-size-default\">Impressum<\/h2>\t\t<\/div>\n\t\t\t\t<\/div>\n\t\t\t\t<div class=\"elementor-element elementor-element-0e9f945 elementor-widget elementor-widget-spacer\" data-id=\"0e9f945\" data-element_type=\"widget\" data-widget_type=\"spacer.default\">\n\t\t\t\t<div class=\"elementor-widget-container\">\n\t\t\t\t\t<div class=\"elementor-spacer\">\n\t\t\t<div class=\"elementor-spacer-inner\"><\/div>\n\t\t<\/div>\n\t\t\t\t<\/div>\n\t\t\t\t<\/div>\n\t\t\t\t<div class=\"elementor-element elementor-element-1c7b519 elementor-widget elementor-widget-text-editor\" data-id=\"1c7b519\" data-element_type=\"widget\" data-widget_type=\"text-editor.default\">\n\t\t\t\t<div class=\"elementor-widget-container\">\n\t\t\t\t\t\t\t<p>Informationspflicht lt. \u00a75 E-Commerce Gesetz, \u00a714 Unternehmensgesetzbuch bzw. \u00a763 Gewerbeordnung und Offenlegungspflicht lt. \u00a725 Mediengesetz<\/p>\t\t\t\t\t\t<\/div>\n\t\t\t\t<\/div>\n\t\t\t\t<div class=\"elementor-element elementor-element-383256ca elementor-widget elementor-widget-text-editor\" data-id=\"383256ca\" data-element_type=\"widget\" data-widget_type=\"text-editor.default\">\n\t\t\t\t<div class=\"elementor-widget-container\">\n\t\t\t\t\t\t\t<p><strong>Medieninhaber und Autor<br><\/strong>Lucas Pripfl<br>Linderwaldsiedlung 6\/8<br>A \u2013 8740 Zeltweg<br>E-Mail: hallo@lucaspripfl.com<br>Telefon:&nbsp;+43 664 5411 311<br>UID-Nummer: ATU69702645<\/p><p><strong style=\"-webkit-text-size-adjust: 100%;\"><br><\/strong><\/p><p><strong style=\"-webkit-text-size-adjust: 100%;\">Unternehmensgegenstand\/Rechtsform<\/strong><br><\/p>\n<p>Unternehmensgegenstand: Berufsfotografen<\/p>\n<p>Rechtsform: Einzelunternehmen<\/p><p><br><\/p>\n<p><\/p>\n<p><strong>Aufsichtsbeh\u00f6rde\/Gewerbeheh\u00f6rde, Kammer<\/strong><\/p>\n<p>Bezirkshauptmannschaft Murtal<\/p>\n<p>Mitglied der Wirtschaftskammer Steiermark<\/p><p><br><\/p>\n<p><\/p>\n<p><strong>Berufsrechtliche Vorschriften<\/strong><\/p>\n<p>Gewerbeordnung: <a href=\"http:\/\/www.ris.bka.gv.at\/\">www.ris.bka.gv.at<\/a><\/p><p><br><\/p>\n<div class=\"page\" title=\"Page 9\">\n<div class=\"layoutArea\">\n<div class=\"column\">\n<p><strong>Angaben zur Online-Streitbeilegung<\/strong><\/p>\n<div class=\"page\" title=\"Page 9\">\n<div class=\"layoutArea\">\n<div class=\"column\">\n<p>Die Europ\u00e4ische Kommission stellt eine Plattform f\u00fcr die au\u00dfergerichtliche Online-Streitbeilegung (OS-Plattform) bereit, die unter&nbsp;<a href=\"https:\/\/www.ec.europa.eu\/consumers\/odr\" target=\"_blank\" rel=\"noreferrer noopener\">www.ec.europa.eu\/consumers\/odr<\/a> aufrufbar ist. Meine E-Mail-Adresse finden Sie oben im Impressum. Ich bin weder verpflichtet noch bereit, an dem Streitschlichtungsverfahren teilzunehmen.<\/p><p><br><\/p>\n<\/div>\n<p><strong>Bildnachweise<\/strong><\/p>\n<p>Urheber und Bildquelle der verwendeten Bilder:<\/p>\n<p>\u00a9 Lucas Pripfl<\/p>\n<p>Die Verwendung meiner Bilder ist ausdr\u00fccklich nur mit meiner schriftlichen Genehmigung erlaubt!<\/p><p><br><\/p>\n<\/div>\n<\/div>\n<p><strong>Inhalt der Webseite<\/strong><\/p>\n<p>Der Autor \u00fcbernimmt keinerlei Gew\u00e4hr f\u00fcr die Aktualit\u00e4t, Richtigkeit und Vollst\u00e4ndigkeit der bereitgestellten Informationen auf unserer Website. Haftungsanspr\u00fcche gegen den Autor, welche sich auf Sch\u00e4den materieller oder ideeller Art beziehen, die durch die Nutzung oder Nichtnutzung der dargebotenen Informationen bzw. durch die Nutzung fehlerhafter und unvollst\u00e4ndiger Informationen verursacht wurden, sind grunds\u00e4tzlich ausgeschlossen, sofern seitens des Autors kein nachweislich vors\u00e4tzliches oder grob fahrl\u00e4ssiges Verschulden vorliegt. Alle Angebote sind freibleibend und unverbindlich. Der Autor beh\u00e4lt es sich ausdr\u00fccklich vor, Teile der Seiten oder das gesamte Angebot ohne gesonderte Ank\u00fcndigung zu ver\u00e4ndern, zu erg\u00e4nzen, zu l\u00f6schen oder die Ver\u00f6ffentlichung zeitweise oder endg\u00fcltig einzustellen.<\/p><p><br><\/p>\n<p><\/p>\n<p><strong>Verweise und Links<\/strong><\/p>\n<p>Die Webseite enth\u00e4lt Verlinkungen zu anderen Webseiten (\u201eexterne Links\u201c). Diese Webseiten unterliegen der Haftung der jeweiligen Seitenbetreiber. Bei Verkn\u00fcpfung der externen Links waren keine Rechtsverst\u00f6\u00dfe ersichtlich. Auf die aktuelle und k\u00fcnftige Gestaltung der verlinkten Seiten hat der Anbieter keinen Einfluss. Die permanente \u00dcberpr\u00fcfung der externen Links ist f\u00fcr den Anbieter ohne konkrete Hinweise auf Rechtsverst\u00f6\u00dfe nicht zumutbar. Bei Bekanntwerden von Rechtsverst\u00f6\u00dfen werden die betroffenen externen Links unverz\u00fcglich gel\u00f6scht.<\/p><p><br><\/p>\n<p><\/p>\n<p><strong>Urheber- und Kennzeichenrecht<\/strong><\/p>\n<p>Die durch die Seitenbetreiber erstellten Inhalte und Werke auf diesen Seiten unterliegen dem \u00f6sterreichischen Urheberrecht. Die Vervielf\u00e4ltigung, Bearbeitung, Verbreitung und jede Art der Verwertung au\u00dferhalb der Grenzen des Urheberrechtes bed\u00fcrfen der schriftlichen Zustimmung des jeweiligen Autors bzw. Erstellers. Downloads und Kopien dieser Seite sind nur f\u00fcr den privaten, nicht kommerziellen Gebrauch gestattet. Soweit die Inhalte auf dieser Seite nicht vom Betreiber erstellt wurden, werden die Urheberrechte Dritter beachtet. Insbesondere werden Inhalte Dritter als solche gekennzeichnet. Sollten Sie trotzdem auf eine Urheberrechtsverletzung aufmerksam werden, bitten wir um einen entsprechenden Hinweis. Bei Bekanntwerden von Rechtsverletzungen werden wir derartige Inhalte umgehend entfernen.<\/p>\n<\/div>\n<\/div>\n<\/div>\t\t\t\t\t\t<\/div>\n\t\t\t\t<\/div>\n\t\t\t\t\t<\/div>\n\t\t<\/div>\n\t\t\t\t\t<\/div>\n\t\t<\/section>\n\t\t\t\t<\/div>\n\t\t","protected":false},"excerpt":{"rendered":"<p>Impressum Informationspflicht lt. \u00a75 E-Commerce Gesetz, \u00a714 Unternehmensgesetzbuch bzw. \u00a763 Gewerbeordnung und Offenlegungspflicht lt. \u00a725 Mediengesetz Medieninhaber und AutorLucas PripflLinderwaldsiedlung 6\/8A \u2013 8740 ZeltwegE-Mail: hallo@lucaspripfl.comTelefon:&nbsp;+43 664 5411 311UID-Nummer: ATU69702645 Unternehmensgegenstand\/Rechtsform Unternehmensgegenstand: Berufsfotografen Rechtsform: Einzelunternehmen Aufsichtsbeh\u00f6rde\/Gewerbeheh\u00f6rde, Kammer Bezirkshauptmannschaft Murtal Mitglied der Wirtschaftskammer Steiermark Berufsrechtliche Vorschriften Gewerbeordnung: www.ris.bka.gv.at Angaben zur Online-Streitbeilegung Die Europ\u00e4ische Kommission stellt eine Plattform [&hellip;]<\/p>\n","protected":false},"author":1,"featured_media":0,"parent":0,"menu_order":0,"comment_status":"closed","ping_status":"closed","template":"","meta":{"footnotes":""},"class_list":["post-1346","page","type-page","status-publish","hentry"],"_links":{"self":[{"href":"https:\/\/www.webideas.at\/entwicklung\/wp-json\/wp\/v2\/pages\/1346","targetHints":{"allow":["GET"]}}],"collection":[{"href":"https:\/\/www.webideas.at\/entwicklung\/wp-json\/wp\/v2\/pages"}],"about":[{"href":"https:\/\/www.webideas.at\/entwicklung\/wp-json\/wp\/v2\/types\/page"}],"author":[{"embeddable":true,"href":"https:\/\/www.webideas.at\/entwicklung\/wp-json\/wp\/v2\/users\/1"}],"replies":[{"embeddable":true,"href":"https:\/\/www.webideas.at\/entwicklung\/wp-json\/wp\/v2\/comments?post=1346"}],"version-history":[{"count":29,"href":"https:\/\/www.webideas.at\/entwicklung\/wp-json\/wp\/v2\/pages\/1346\/revisions"}],"predecessor-version":[{"id":2209,"href":"https:\/\/www.webideas.at\/entwicklung\/wp-json\/wp\/v2\/pages\/1346\/revisions\/2209"}],"wp:attachment":[{"href":"https:\/\/www.webideas.at\/entwicklung\/wp-json\/wp\/v2\/media?parent=1346"}],"curies":[{"name":"wp","href":"https:\/\/api.w.org\/{rel}","templated":true}]}}