{"id":1340,"date":"2020-06-29T11:44:15","date_gmt":"2020-06-29T09:44:15","guid":{"rendered":"https:\/\/www.webideas.at\/entwicklung\/?page_id=1340"},"modified":"2023-01-28T18:49:51","modified_gmt":"2023-01-28T17:49:51","slug":"ueber-mich","status":"publish","type":"page","link":"https:\/\/www.webideas.at\/entwicklung\/ueber-mich\/","title":{"rendered":"About me"},"content":{"rendered":"\t\t<div data-elementor-type=\"wp-page\" data-elementor-id=\"1340\" class=\"elementor elementor-1340\" data-elementor-post-type=\"page\">\n\t\t\t\t\t\t<section class=\"elementor-section elementor-top-section elementor-element elementor-element-69077e9f elementor-section-content-middle elementor-section-full_width elementor-section-height-full elementor-section-height-default elementor-section-items-middle\" data-id=\"69077e9f\" data-element_type=\"section\">\n\t\t\t\t\t\t\t<div class=\"elementor-background-overlay\"><\/div>\n\t\t\t\t\t\t\t<div class=\"elementor-container elementor-column-gap-no\">\n\t\t\t\t\t<div class=\"elementor-column elementor-col-100 elementor-top-column elementor-element elementor-element-79c63a72\" data-id=\"79c63a72\" data-element_type=\"column\">\n\t\t\t<div class=\"elementor-widget-wrap elementor-element-populated\">\n\t\t\t\t\t\t<div class=\"elementor-element elementor-element-5bb3d82 elementor-invisible elementor-widget elementor-widget-heading\" data-id=\"5bb3d82\" data-element_type=\"widget\" data-settings=\"{&quot;_animation&quot;:&quot;fadeInDown&quot;,&quot;_animation_delay&quot;:500}\" data-widget_type=\"heading.default\">\n\t\t\t\t<div class=\"elementor-widget-container\">\n\t\t\t<h2 class=\"elementor-heading-title elementor-size-default\">About me<\/h2>\t\t<\/div>\n\t\t\t\t<\/div>\n\t\t\t\t<div class=\"elementor-element elementor-element-85221d9 elementor-invisible elementor-widget elementor-widget-heading\" data-id=\"85221d9\" data-element_type=\"widget\" data-settings=\"{&quot;_animation&quot;:&quot;fadeInDown&quot;,&quot;_animation_delay&quot;:500}\" data-widget_type=\"heading.default\">\n\t\t\t\t<div class=\"elementor-widget-container\">\n\t\t\t<h2 class=\"elementor-heading-title elementor-size-default\">The story about me and my company<\/h2>\t\t<\/div>\n\t\t\t\t<\/div>\n\t\t\t\t<div class=\"elementor-element elementor-element-dee03a6 elementor-invisible elementor-widget elementor-widget-heading\" data-id=\"dee03a6\" data-element_type=\"widget\" data-settings=\"{&quot;_animation&quot;:&quot;fadeInUp&quot;,&quot;_animation_delay&quot;:500}\" data-widget_type=\"heading.default\">\n\t\t\t\t<div class=\"elementor-widget-container\">\n\t\t\t<p class=\"elementor-heading-title elementor-size-default\">|<\/p>\t\t<\/div>\n\t\t\t\t<\/div>\n\t\t\t\t<div class=\"elementor-element elementor-element-3e5b0ec animated-slow elementor-view-default elementor-invisible elementor-widget elementor-widget-icon\" data-id=\"3e5b0ec\" data-element_type=\"widget\" data-settings=\"{&quot;_animation&quot;:&quot;fadeInDown&quot;,&quot;_animation_delay&quot;:1000}\" data-widget_type=\"icon.default\">\n\t\t\t\t<div class=\"elementor-widget-container\">\n\t\t\t\t\t<div class=\"elementor-icon-wrapper\">\n\t\t\t<a class=\"elementor-icon elementor-animation-grow\" href=\"#down\">\n\t\t\t<i aria-hidden=\"true\" class=\"fas fa-angle-double-down\"><\/i>\t\t\t<\/a>\n\t\t<\/div>\n\t\t\t\t<\/div>\n\t\t\t\t<\/div>\n\t\t\t\t\t<\/div>\n\t\t<\/div>\n\t\t\t\t\t<\/div>\n\t\t<\/section>\n\t\t\t\t<section class=\"elementor-section elementor-top-section elementor-element elementor-element-6ea9c6b elementor-section-boxed elementor-section-height-default elementor-section-height-default\" data-id=\"6ea9c6b\" data-element_type=\"section\">\n\t\t\t\t\t\t<div class=\"elementor-container elementor-column-gap-default\">\n\t\t\t\t\t<div class=\"elementor-column elementor-col-100 elementor-top-column elementor-element elementor-element-2e9c25f\" data-id=\"2e9c25f\" data-element_type=\"column\">\n\t\t\t<div class=\"elementor-widget-wrap elementor-element-populated\">\n\t\t\t\t\t\t<div class=\"elementor-element elementor-element-5f353e1 elementor-widget elementor-widget-menu-anchor\" data-id=\"5f353e1\" data-element_type=\"widget\" data-widget_type=\"menu-anchor.default\">\n\t\t\t\t<div class=\"elementor-widget-container\">\n\t\t\t\t\t<div id=\"down\" class=\"elementor-menu-anchor\"><\/div>\n\t\t\t\t<\/div>\n\t\t\t\t<\/div>\n\t\t\t\t\t<\/div>\n\t\t<\/div>\n\t\t\t\t\t<\/div>\n\t\t<\/section>\n\t\t\t\t<section class=\"elementor-section elementor-top-section elementor-element elementor-element-4d6c22a5 elementor-section-content-middle elementor-section-boxed elementor-section-height-default elementor-section-height-default\" data-id=\"4d6c22a5\" data-element_type=\"section\">\n\t\t\t\t\t\t<div class=\"elementor-container elementor-column-gap-no\">\n\t\t\t\t\t<div class=\"elementor-column elementor-col-50 elementor-top-column elementor-element elementor-element-1ebf1829 elementor-invisible\" data-id=\"1ebf1829\" data-element_type=\"column\" data-settings=\"{&quot;animation&quot;:&quot;fadeInLeft&quot;}\">\n\t\t\t<div class=\"elementor-widget-wrap elementor-element-populated\">\n\t\t\t\t\t\t<div class=\"elementor-element elementor-element-41e31af elementor-widget elementor-widget-image\" data-id=\"41e31af\" data-element_type=\"widget\" data-settings=\"{&quot;motion_fx_translateY_effect&quot;:&quot;yes&quot;,&quot;motion_fx_translateY_direction&quot;:&quot;negative&quot;,&quot;motion_fx_translateY_speed&quot;:{&quot;unit&quot;:&quot;px&quot;,&quot;size&quot;:7,&quot;sizes&quot;:[]},&quot;motion_fx_translateY_affectedRange&quot;:{&quot;unit&quot;:&quot;%&quot;,&quot;size&quot;:&quot;&quot;,&quot;sizes&quot;:{&quot;start&quot;:50,&quot;end&quot;:100}},&quot;motion_fx_motion_fx_scrolling&quot;:&quot;yes&quot;,&quot;motion_fx_devices&quot;:[&quot;desktop&quot;]}\" data-widget_type=\"image.default\">\n\t\t\t\t<div class=\"elementor-widget-container\">\n\t\t\t\t\t\t\t\t\t\t\t\t\t<img fetchpriority=\"high\" decoding=\"async\" width=\"1024\" height=\"1024\" src=\"https:\/\/www.webideas.at\/entwicklung\/wp-content\/uploads\/2022\/10\/FFEBB2B4-3937-4348-A7D6-3D05199BE93F.jpeg\" class=\"attachment-full size-full wp-image-2133\" alt=\"\" srcset=\"https:\/\/www.webideas.at\/entwicklung\/wp-content\/uploads\/2022\/10\/FFEBB2B4-3937-4348-A7D6-3D05199BE93F.jpeg 1024w, https:\/\/www.webideas.at\/entwicklung\/wp-content\/uploads\/2022\/10\/FFEBB2B4-3937-4348-A7D6-3D05199BE93F-300x300.jpeg 300w, https:\/\/www.webideas.at\/entwicklung\/wp-content\/uploads\/2022\/10\/FFEBB2B4-3937-4348-A7D6-3D05199BE93F-150x150.jpeg 150w, https:\/\/www.webideas.at\/entwicklung\/wp-content\/uploads\/2022\/10\/FFEBB2B4-3937-4348-A7D6-3D05199BE93F-768x768.jpeg 768w\" sizes=\"(max-width: 1024px) 100vw, 1024px\" \/>\t\t\t\t\t\t\t\t\t\t\t\t\t<\/div>\n\t\t\t\t<\/div>\n\t\t\t\t\t<\/div>\n\t\t<\/div>\n\t\t\t\t<div class=\"elementor-column elementor-col-50 elementor-top-column elementor-element elementor-element-48aaa995 elementor-invisible\" data-id=\"48aaa995\" data-element_type=\"column\" data-settings=\"{&quot;animation&quot;:&quot;fadeInRight&quot;}\">\n\t\t\t<div class=\"elementor-widget-wrap elementor-element-populated\">\n\t\t\t\t\t\t<div class=\"elementor-element elementor-element-3c68db7 elementor-view-default elementor-widget elementor-widget-icon\" data-id=\"3c68db7\" data-element_type=\"widget\" data-widget_type=\"icon.default\">\n\t\t\t\t<div class=\"elementor-widget-container\">\n\t\t\t\t\t<div class=\"elementor-icon-wrapper\">\n\t\t\t<div class=\"elementor-icon\">\n\t\t\t<i aria-hidden=\"true\" class=\"fas fa-quote-right\"><\/i>\t\t\t<\/div>\n\t\t<\/div>\n\t\t\t\t<\/div>\n\t\t\t\t<\/div>\n\t\t\t\t<div class=\"elementor-element elementor-element-714c441c elementor-widget elementor-widget-text-editor\" data-id=\"714c441c\" data-element_type=\"widget\" data-widget_type=\"text-editor.default\">\n\t\t\t\t<div class=\"elementor-widget-container\">\n\t\t\t\t\t\t\t<div class=\"container inner\"><div id=\"aq-template-wrapper-432\" class=\"aq-template-wrapper aq_row\"><div id=\"aq-block-432-3\" class=\"aq-block aq-block-aq_ebor_text_block aq_span6 clearfix\"><div class=\"\"><p>W\u00e4hle einen Beruf, den du liebst, und du brauchst keinen Tag in deinem Leben mehr zu arbeiten.\u201c Diese weisen Worte sagte einst der chinesische Philosoph Konfuzius. Einer, der dieses Motto lebt ist Lucas Pripfl, 25 Jahre alt. Meine Passion ist die Fotografie. Als Bub schon schnappte ich mir st\u00e4ndig die Kamera meines Gro\u00dfvaters und schoss Bilder. \u201eEs wurde immer mehr, irgendwann hat der Opa sie nicht wieder bekommen\u201c. Auf meine erste eigene Ausr\u00fcstung sparte ich sp\u00e4ter eisern. Gleich nach der Schule wusste ich, \u00a0dass ich mich als Fotograf selbstst\u00e4ndig machen wollte. So startete ich eine Lehre bei einem Fotostudio in meinen Heimatort Zeltweg. Das dauerte dreieinhalb Jahre, dann ging es zwischenzeitlich zum Bundesheer, wo ich unter anderem auch als Fotograf t\u00e4tig war. Raus aus der Kaserne, arbeitete ich zielstrebig auf eine Selbstst\u00e4ndigkeit hin, besuchte Kurse und Workshops um meine fotografischen F\u00e4higkeiten immer weiter auszubauen. Mit 20 war\u2018s dann soweit. Ich erf\u00fcllte mir meinen gr\u00f6\u00dften Traum und machte den Schritt in die Selbstst\u00e4ndigkeit. Spezialisiert auf die Themen Sport, Portrait, Hochzeit sowie Reportagefotografie arbeitet der junge Fotograf inzwischen f\u00fcr Auftraggeber wie das Projekt Spielberg, Tauroa, Therme Aqualux Fohnsdorf sowie diverse andere Firmenkunden. Seit August betreibe ich ein eigenes Fotostudio in St. Margarethen bei Knittelfeld.<\/p><\/div><\/div><\/div><\/div>\t\t\t\t\t\t<\/div>\n\t\t\t\t<\/div>\n\t\t\t\t<div class=\"elementor-element elementor-element-756edde2 elementor-widget elementor-widget-heading\" data-id=\"756edde2\" data-element_type=\"widget\" data-widget_type=\"heading.default\">\n\t\t\t\t<div class=\"elementor-widget-container\">\n\t\t\t<span class=\"elementor-heading-title elementor-size-default\">Lucas Pripfl<\/span>\t\t<\/div>\n\t\t\t\t<\/div>\n\t\t\t\t<div class=\"elementor-element elementor-element-4d8733e6 elementor-widget elementor-widget-heading\" data-id=\"4d8733e6\" data-element_type=\"widget\" data-widget_type=\"heading.default\">\n\t\t\t\t<div class=\"elementor-widget-container\">\n\t\t\t<h2 class=\"elementor-heading-title elementor-size-default\">Photographer<\/h2>\t\t<\/div>\n\t\t\t\t<\/div>\n\t\t\t\t\t<\/div>\n\t\t<\/div>\n\t\t\t\t\t<\/div>\n\t\t<\/section>\n\t\t\t\t<\/div>\n\t\t","protected":false},"excerpt":{"rendered":"<p>About me The story about me and my company | W\u00e4hle einen Beruf, den du liebst, und du brauchst keinen Tag in deinem Leben mehr zu arbeiten.\u201c Diese weisen Worte sagte einst der chinesische Philosoph Konfuzius. Einer, der dieses Motto lebt ist Lucas Pripfl, 25 Jahre alt. Meine Passion ist die Fotografie. Als Bub schon [&hellip;]<\/p>\n","protected":false},"author":1,"featured_media":0,"parent":0,"menu_order":0,"comment_status":"closed","ping_status":"closed","template":"","meta":{"footnotes":""},"class_list":["post-1340","page","type-page","status-publish","hentry"],"_links":{"self":[{"href":"https:\/\/www.webideas.at\/entwicklung\/wp-json\/wp\/v2\/pages\/1340","targetHints":{"allow":["GET"]}}],"collection":[{"href":"https:\/\/www.webideas.at\/entwicklung\/wp-json\/wp\/v2\/pages"}],"about":[{"href":"https:\/\/www.webideas.at\/entwicklung\/wp-json\/wp\/v2\/types\/page"}],"author":[{"embeddable":true,"href":"https:\/\/www.webideas.at\/entwicklung\/wp-json\/wp\/v2\/users\/1"}],"replies":[{"embeddable":true,"href":"https:\/\/www.webideas.at\/entwicklung\/wp-json\/wp\/v2\/comments?post=1340"}],"version-history":[{"count":72,"href":"https:\/\/www.webideas.at\/entwicklung\/wp-json\/wp\/v2\/pages\/1340\/revisions"}],"predecessor-version":[{"id":2198,"href":"https:\/\/www.webideas.at\/entwicklung\/wp-json\/wp\/v2\/pages\/1340\/revisions\/2198"}],"wp:attachment":[{"href":"https:\/\/www.webideas.at\/entwicklung\/wp-json\/wp\/v2\/media?parent=1340"}],"curies":[{"name":"wp","href":"https:\/\/api.w.org\/{rel}","templated":true}]}}